{"id":122,"date":"2024-04-22T12:27:35","date_gmt":"2024-04-22T10:27:35","guid":{"rendered":"https:\/\/bacinoimperiese.it\/?page_id=122"},"modified":"2024-04-29T16:44:05","modified_gmt":"2024-04-29T14:44:05","slug":"i-nostri-servizi","status":"publish","type":"page","link":"https:\/\/bacinoimperiese.it\/index.php\/i-nostri-servizi\/","title":{"rendered":"I Nostri Servizi"},"content":{"rendered":"<section class=\"l-section wpb_row height_medium color_primary\"><div class=\"l-section-h i-cf\"><div class=\"g-cols vc_row via_grid cols_1 laptops-cols_inherit tablets-cols_inherit mobiles-cols_1 valign_top type_default stacking_default\"><div class=\"wpb_column vc_column_container\"><div class=\"vc_column-inner\"><h4 class=\"w-text\"><span class=\"w-text-h\"><span class=\"w-text-value\">I nostri Servizi<\/span><\/span><\/h4><\/div><\/div><\/div><\/div><\/section><section class=\"l-section wpb_row height_medium\"><div class=\"l-section-h i-cf\"><div class=\"g-cols vc_row via_grid cols_1-2 laptops-cols_inherit tablets-cols_inherit mobiles-cols_1 valign_bottom type_default stacking_default\" style=\"--gap:4vw;\"><div class=\"wpb_column vc_column_container\"><div class=\"vc_column-inner\"><div class=\"w-image align_none\"><div class=\"w-image-h\"><img decoding=\"async\" width=\"717\" height=\"491\" src=\"https:\/\/bacinoimperiese.it\/wp-content\/uploads\/2024\/04\/Bacino-image-1.png\" class=\"attachment-large size-large\" alt=\"\" loading=\"lazy\" srcset=\"https:\/\/bacinoimperiese.it\/wp-content\/uploads\/2024\/04\/Bacino-image-1.png 717w, https:\/\/bacinoimperiese.it\/wp-content\/uploads\/2024\/04\/Bacino-image-1-300x205.png 300w\" sizes=\"auto, (max-width: 717px) 100vw, 717px\" \/><\/div><\/div><\/div><\/div><div class=\"wpb_column vc_column_container\"><div class=\"vc_column-inner\"><div class=\"wpb_text_column\"><div class=\"wpb_wrapper\"><p style=\"text-align: justify;\">La pandemia, con i suoi continui lockdown, ci ha insegnato a distinguere tra ci\u00f2 che \u00e8 necessario e ci\u00f2 che non lo \u00e8. Questo processo ha portato chi vive nelle nostre citt\u00e0 ad una maggiore percezione dell\u2019importanza che riveste il Servizio di Raccolta dei Rifiuti Urbani, un servizio di Pubblico interesse. Per noi, la missione di fornire i nostri servizi va oltre il semplice compito di gestire la raccolta dei rifiuti, \u00e8 un servizio essenziale che ci vede impegnati ogni giorno con passione e dedizione per assicurarci che la gestione dei rifiuti non solo rispetti un obbligo ma contribuisca al benessere di ogni singola persona.<\/p>\n<\/div><\/div><\/div><\/div><\/div><\/div><\/section><section class=\"l-section wpb_row height_large with_img\"><div class=\"l-section-img\" role=\"img\" data-img-width=\"2644\" data-img-height=\"768\" style=\"background-image: url(https:\/\/bacinoimperiese.it\/wp-content\/uploads\/2024\/04\/foto-c.png);background-position: top right;background-repeat: no-repeat;\"><\/div><div class=\"l-section-h i-cf\"><div class=\"g-cols vc_row via_grid cols_1 laptops-cols_inherit tablets-cols_inherit mobiles-cols_1 valign_top type_default stacking_default\"><div class=\"wpb_column vc_column_container\"><div class=\"vc_column-inner\"><div class=\"g-cols wpb_row via_grid cols_3-2 laptops-cols_inherit tablets-cols_inherit mobiles-cols_1 valign_top type_default stacking_default\" style=\"--gap:2rem;\"><div class=\"wpb_column vc_column_container us_custom_eb570397 has_bg_color\"><div class=\"vc_column-inner\"><div class=\"wpb_text_column us_custom_8b3d6790 has_text_color\"><div class=\"wpb_wrapper\"><p style=\"text-align: justify;\">Questa dedizione si traduce in un impegno costante verso il miglioramento continuo, poich\u00e9 crediamo che ogni passo avanti nel nostro operato si rifletta positivamente sulla vita quotidiana di ciascun cittadino. Siamo consapevoli che la gestione responsabile dei rifiuti impatta direttamente sulla qualit\u00e0 della vita e sull&#8217;ambiente in cui viviamo. Pertanto, ci impegniamo a superare le aspettative, affinch\u00e9 ogni cittadino possa percepire il nostro impegno tangibile nel migliorare la sostenibilit\u00e0, contribuendo cos\u00ec a creare un futuro migliore per tutti noi.<\/p>\n<\/div><\/div><\/div><\/div><div class=\"wpb_column vc_column_container\"><div class=\"vc_column-inner\"><\/div><\/div><\/div><\/div><\/div><\/div><\/div><\/section><section class=\"l-section wpb_row height_small\"><div class=\"l-section-h i-cf\"><div class=\"g-cols vc_row via_grid cols_1 laptops-cols_inherit tablets-cols_inherit mobiles-cols_1 valign_top type_default stacking_default\"><div class=\"wpb_column vc_column_container\"><div class=\"vc_column-inner\"><div class=\"w-separator size_small\"><\/div><div class=\"w-image us_custom_afbb72a9 align_none\"><div class=\"w-image-h\"><img decoding=\"async\" width=\"343\" height=\"328\" src=\"https:\/\/bacinoimperiese.it\/wp-content\/uploads\/2024\/04\/icon-bacino.png\" class=\"attachment-full size-full\" alt=\"\" loading=\"lazy\" srcset=\"https:\/\/bacinoimperiese.it\/wp-content\/uploads\/2024\/04\/icon-bacino.png 343w, https:\/\/bacinoimperiese.it\/wp-content\/uploads\/2024\/04\/icon-bacino-300x287.png 300w\" sizes=\"auto, (max-width: 343px) 100vw, 343px\" \/><\/div><\/div><div class=\"w-separator us_custom_dcd4f45f size_small\"><\/div><div class=\"wpb_text_column\"><div class=\"wpb_wrapper\"><h4>I Servizi Digitali<\/h4>\n<p>Con l&#8217;attivazione dei Servizi Digitali, potrai conoscere come conferire in modo corretto i Tuoi rifiuti, prenotare un ritiro, richiedere l\u2019attivazione di nuovi servizi o segnalare un disservizio.<\/p>\n<\/div><\/div><\/div><\/div><\/div><\/div><\/section><section class=\"l-section wpb_row height_auto with_shape\"><div class=\"l-section-shape type_custom pos_bottom\" style=\"height:12vmin;color:#ECEEF5\"><svg xmlns=\"http:\/\/www.w3.org\/2000\/svg\" viewBox=\"0 0 64 8\" preserveAspectRatio=\"none\" width=\"100%\" height=\"100%\">\r\n\t<path fill=\"currentColor\" d=\"M64 8 L0 8 L0 0 L64 0 Z\"\/>\r\n<\/svg><\/div><div class=\"l-section-h i-cf\"><div class=\"g-cols vc_row via_grid cols_3 laptops-cols_inherit tablets-cols_inherit mobiles-cols_1 valign_top type_default stacking_default\" style=\"--gap:30px;\"><div class=\"wpb_column vc_column_container\"><div class=\"vc_column-inner\"><div class=\"w-ibanner us_custom_96a4f571 has_text_color animation_phorcys ratio_2x3 easing_ease\"><div class=\"w-ibanner-h\"><div class=\"w-ibanner-image\" style=\"background-image: url(https:\/\/bacinoimperiese.it\/wp-content\/uploads\/2024\/04\/Senza-titolo-1-02.png)\"><\/div><div class=\"w-ibanner-content\"><div class=\"w-ibanner-content-h\"><h2 class=\"w-ibanner-title\" style=\"font-size:25px;\">Segnalazioni<\/h2><div class=\"w-ibanner-desc\"><p>Accedi direttamente online allo sportello segnalazione del Bacino Imperiese<\/p>\n<\/div><\/div><\/div><\/div><a href=\"https:\/\/bacinoimperiese.it\/index.php\/i-nostri-servizi\/segnalazioni-2\/\" aria-label=\"Segnalazioni\"><\/a><\/div><\/div><\/div><div class=\"wpb_column vc_column_container\"><div class=\"vc_column-inner\"><div class=\"w-ibanner us_custom_96a4f571 has_text_color animation_phorcys ratio_2x3 easing_ease\"><div class=\"w-ibanner-h\"><div class=\"w-ibanner-image\" style=\"background-image: url(https:\/\/bacinoimperiese.it\/wp-content\/uploads\/2024\/04\/Senza-titolo-1-04.png)\"><\/div><div class=\"w-ibanner-content\"><div class=\"w-ibanner-content-h\"><h2 class=\"w-ibanner-title\" style=\"font-size:25px;\">Dove lo Butto<\/h2><div class=\"w-ibanner-desc\"><p>Per informazioni sul corretto smaltimento dei Tuoi rifiuti utilizza il nostro Ecobolario<\/p>\n<\/div><\/div><\/div><\/div><a href=\"https:\/\/bacinoimperiese.it\/index.php\/ecobolario\/\" aria-label=\"Dove lo Butto\"><\/a><\/div><\/div><\/div><div class=\"wpb_column vc_column_container\"><div class=\"vc_column-inner\"><div class=\"w-ibanner us_custom_96a4f571 has_text_color animation_phorcys ratio_2x3 easing_ease\"><div class=\"w-ibanner-h\"><div class=\"w-ibanner-image\" style=\"background-image: url(https:\/\/bacinoimperiese.it\/wp-content\/uploads\/2024\/04\/Senza-titolo-1-05.png)\"><\/div><div class=\"w-ibanner-content\"><div class=\"w-ibanner-content-h\"><h2 class=\"w-ibanner-title\" style=\"font-size:25px;\">Ritiro Ingombranti<\/h2><div class=\"w-ibanner-desc\"><p>Prenota online il ritiro dei Tuoi rifiuti ingombranti direttamente a casa Tua<\/p>\n<\/div><\/div><\/div><\/div><a href=\"https:\/\/bacinoimperiese.it\/index.php\/i-nostri-servizi\/ritiro-ingombranti\/\" aria-label=\"Ritiro Ingombranti\"><\/a><\/div><\/div><\/div><\/div><\/div><\/section><section class=\"l-section wpb_row height_small\"><div class=\"l-section-overlay\" style=\"background:#ECEEF5\"><\/div><div class=\"l-section-h i-cf\"><div class=\"g-cols vc_row via_grid cols_1 laptops-cols_inherit tablets-cols_inherit mobiles-cols_1 valign_top type_default stacking_default\"><div class=\"wpb_column vc_column_container\"><div class=\"vc_column-inner\"><div class=\"w-separator size_medium\"><\/div><div class=\"wpb_text_column\"><div class=\"wpb_wrapper\"><h4>I Servizi per la Comunit\u00e0<\/h4>\n<p>Siamo consapevoli che la gestione responsabile dei rifiuti impatta direttamente sulla qualit\u00e0 della vita e sull\u2019ambiente in cui viviamo. Pertanto, ci impegniamo a superare le aspettative, affinch\u00e9 ogni cittadino possa percepire il nostro impegno tangibile nel migliorare la sostenibilit\u00e0, contribuendo cos\u00ec a creare un futuro migliore per tutti noi.<\/p>\n<\/div><\/div><\/div><\/div><\/div><\/div><\/section><section class=\"l-section wpb_row height_auto\"><div class=\"l-section-overlay\" style=\"background:#ECEEF5\"><\/div><div class=\"l-section-h i-cf\"><div class=\"g-cols vc_row via_grid cols_1 laptops-cols_inherit tablets-cols_inherit mobiles-cols_1 valign_top type_default stacking_default\"><div class=\"wpb_column vc_column_container\"><div class=\"vc_column-inner\"><div class=\"g-cols wpb_row via_grid cols_3 laptops-cols_2 tablets-cols_2 mobiles-cols_1 valign_top type_default\" style=\"--gap:1.5rem;\"><div class=\"wpb_column vc_column_container\"><div class=\"vc_column-inner\"><div class=\"w-iconbox us_custom_82e8a05c iconpos_top style_default color_primary align_center no_text icontype_img\"><a href=\"https:\/\/bacinoimperiese.it\/index.php\/ecocentro-comunale\/\" class=\"w-iconbox-link\" aria-label=\"Centri di Raccolta\"><div class=\"w-iconbox-icon\" style=\"font-size:70px;\"><img loading=\"lazy\" decoding=\"async\" width=\"367\" height=\"366\" src=\"https:\/\/bacinoimperiese.it\/wp-content\/uploads\/2024\/04\/Bozza-Home-Bacino-Imperiese-33.png\" class=\"attachment-full size-full\" alt=\"\" srcset=\"https:\/\/bacinoimperiese.it\/wp-content\/uploads\/2024\/04\/Bozza-Home-Bacino-Imperiese-33.png 367w, https:\/\/bacinoimperiese.it\/wp-content\/uploads\/2024\/04\/Bozza-Home-Bacino-Imperiese-33-300x300.png 300w, https:\/\/bacinoimperiese.it\/wp-content\/uploads\/2024\/04\/Bozza-Home-Bacino-Imperiese-33-150x150.png 150w\" sizes=\"auto, (max-width: 367px) 100vw, 367px\" \/><\/div><\/a><div class=\"w-iconbox-meta\"><a href=\"https:\/\/bacinoimperiese.it\/index.php\/ecocentro-comunale\/\" class=\"w-iconbox-link\" aria-label=\"Centri di Raccolta\"><h6 class=\"w-iconbox-title\" style=\"font-size:22px;\">Centri di Raccolta<\/h6><\/a><\/div><\/div><\/div><\/div><div class=\"wpb_column vc_column_container\"><div class=\"vc_column-inner\"><div class=\"w-iconbox us_custom_82e8a05c iconpos_top style_default color_primary align_center no_text icontype_img\"><a href=\"https:\/\/bacinoimperiese.it\/index.php\/i-nostri-servizi\/servizio-ecomobile\/\" class=\"w-iconbox-link\" aria-label=\"Ecomobili\"><div class=\"w-iconbox-icon\" style=\"font-size:70px;\"><img loading=\"lazy\" decoding=\"async\" width=\"367\" height=\"366\" src=\"https:\/\/bacinoimperiese.it\/wp-content\/uploads\/2024\/04\/Bozza-Home-Bacino-Imperiese-34.png\" class=\"attachment-full size-full\" alt=\"\" srcset=\"https:\/\/bacinoimperiese.it\/wp-content\/uploads\/2024\/04\/Bozza-Home-Bacino-Imperiese-34.png 367w, https:\/\/bacinoimperiese.it\/wp-content\/uploads\/2024\/04\/Bozza-Home-Bacino-Imperiese-34-300x300.png 300w, https:\/\/bacinoimperiese.it\/wp-content\/uploads\/2024\/04\/Bozza-Home-Bacino-Imperiese-34-150x150.png 150w\" sizes=\"auto, (max-width: 367px) 100vw, 367px\" \/><\/div><\/a><div class=\"w-iconbox-meta\"><a href=\"https:\/\/bacinoimperiese.it\/index.php\/i-nostri-servizi\/servizio-ecomobile\/\" class=\"w-iconbox-link\" aria-label=\"Ecomobili\"><h6 class=\"w-iconbox-title\" style=\"font-size:22px;\">Ecomobili<\/h6><\/a><\/div><\/div><\/div><\/div><div class=\"wpb_column vc_column_container\"><div class=\"vc_column-inner\"><div class=\"w-iconbox us_custom_82e8a05c iconpos_top style_default color_primary align_center no_text icontype_img\"><a href=\"https:\/\/bacinoimperiese.it\/index.php\/i-nostri-servizi\/raccolta-olio-vegetale\/\" class=\"w-iconbox-link\" aria-label=\"Raccolta Olio Vegetale\"><div class=\"w-iconbox-icon\" style=\"font-size:70px;\"><img loading=\"lazy\" decoding=\"async\" width=\"367\" height=\"365\" src=\"https:\/\/bacinoimperiese.it\/wp-content\/uploads\/2024\/04\/Icon-pagina-comune-tipo-30.png\" class=\"attachment-full size-full\" alt=\"\" srcset=\"https:\/\/bacinoimperiese.it\/wp-content\/uploads\/2024\/04\/Icon-pagina-comune-tipo-30.png 367w, https:\/\/bacinoimperiese.it\/wp-content\/uploads\/2024\/04\/Icon-pagina-comune-tipo-30-300x298.png 300w, https:\/\/bacinoimperiese.it\/wp-content\/uploads\/2024\/04\/Icon-pagina-comune-tipo-30-150x150.png 150w\" sizes=\"auto, (max-width: 367px) 100vw, 367px\" \/><\/div><\/a><div class=\"w-iconbox-meta\"><a href=\"https:\/\/bacinoimperiese.it\/index.php\/i-nostri-servizi\/raccolta-olio-vegetale\/\" class=\"w-iconbox-link\" aria-label=\"Raccolta Olio Vegetale\"><h6 class=\"w-iconbox-title\" style=\"font-size:22px;\">Raccolta Olio Vegetale<\/h6><\/a><\/div><\/div><\/div><\/div><\/div><div class=\"w-separator size_large\"><\/div><\/div><\/div><\/div><\/div><\/section><section class=\"l-section wpb_row height_large\"><div class=\"l-section-h i-cf\"><div class=\"g-cols vc_row via_grid cols_1 laptops-cols_inherit tablets-cols_inherit mobiles-cols_1 valign_middle type_default stacking_default\"><div class=\"wpb_column vc_column_container us_custom_fcb9a368 has_text_color has_bg_color\"><div class=\"vc_column-inner\"><div class=\"wpb_text_column\"><div class=\"wpb_wrapper\"><h3><strong>Hai bisogno di aiuto?<\/strong><\/h3>\n<div class=\"wpb_text_column us_custom_db249220 has_text_color\">\n<div class=\"wpb_wrapper\">\n<p>Ti garantiamo il massimo supporto.<br \/>\nScegli la modalit\u00e0 di contatto che preferisci.<\/p>\n<\/div>\n<\/div>\n<\/div><\/div><div class=\"w-separator size_small\"><\/div><div class=\"w-btn-wrapper align_left\"><a class=\"w-btn us-btn-style_3 icon_atright\" href=\"https:\/\/bacinoimperiese.it\/index.php\/contatti\/\"><span class=\"w-btn-label\">Contattaci<\/span><i class=\"fas fa-arrow-right\"><\/i><\/a><\/div><\/div><\/div><\/div><\/div><\/section>\n","protected":false},"excerpt":{"rendered":"I nostri ServiziLa pandemia, con i suoi continui lockdown, ci ha insegnato a distinguere tra ci\u00f2 che \u00e8 necessario e ci\u00f2 che non lo \u00e8. Questo processo ha portato chi vive nelle nostre citt\u00e0 ad una maggiore percezione dell\u2019importanza che riveste il Servizio di Raccolta dei Rifiuti Urbani, un servizio di Pubblico interesse. Per noi,...","protected":false},"author":1,"featured_media":0,"parent":0,"menu_order":0,"comment_status":"closed","ping_status":"closed","template":"","meta":{"footnotes":""},"class_list":["post-122","page","type-page","status-publish","hentry"],"_links":{"self":[{"href":"https:\/\/bacinoimperiese.it\/index.php\/wp-json\/wp\/v2\/pages\/122","targetHints":{"allow":["GET"]}}],"collection":[{"href":"https:\/\/bacinoimperiese.it\/index.php\/wp-json\/wp\/v2\/pages"}],"about":[{"href":"https:\/\/bacinoimperiese.it\/index.php\/wp-json\/wp\/v2\/types\/page"}],"author":[{"embeddable":true,"href":"https:\/\/bacinoimperiese.it\/index.php\/wp-json\/wp\/v2\/users\/1"}],"replies":[{"embeddable":true,"href":"https:\/\/bacinoimperiese.it\/index.php\/wp-json\/wp\/v2\/comments?post=122"}],"version-history":[{"count":40,"href":"https:\/\/bacinoimperiese.it\/index.php\/wp-json\/wp\/v2\/pages\/122\/revisions"}],"predecessor-version":[{"id":561,"href":"https:\/\/bacinoimperiese.it\/index.php\/wp-json\/wp\/v2\/pages\/122\/revisions\/561"}],"wp:attachment":[{"href":"https:\/\/bacinoimperiese.it\/index.php\/wp-json\/wp\/v2\/media?parent=122"}],"curies":[{"name":"wp","href":"https:\/\/api.w.org\/{rel}","templated":true}]}}