{"id":147,"date":"2024-04-22T15:26:54","date_gmt":"2024-04-22T13:26:54","guid":{"rendered":"https:\/\/bacinoimperiese.it\/?page_id=147"},"modified":"2024-04-23T17:01:43","modified_gmt":"2024-04-23T15:01:43","slug":"news-e-avvisi","status":"publish","type":"page","link":"https:\/\/bacinoimperiese.it\/index.php\/news-e-avvisi\/","title":{"rendered":"News e Avvisi"},"content":{"rendered":"<section class=\"l-section wpb_row height_medium\"><div class=\"l-section-overlay\" style=\"background:var(--color-content-secondary-grad)\"><\/div><div class=\"l-section-h i-cf\"><div class=\"g-cols vc_row via_grid cols_1 laptops-cols_inherit tablets-cols_inherit mobiles-cols_1 valign_top type_default stacking_default\"><div class=\"wpb_column vc_column_container\"><div class=\"vc_column-inner\"><div class=\"wpb_text_column us_custom_5d946ccb has_text_color\"><div class=\"wpb_wrapper\"><h3>News e avvisi<\/h3>\n<\/div><\/div><\/div><\/div><\/div><\/div><\/section><section class=\"l-section wpb_row us_custom_8bd42c2b height_large\"><div class=\"l-section-h i-cf\"><div class=\"g-cols vc_row via_grid cols_1 laptops-cols_inherit tablets-cols_inherit mobiles-cols_1 valign_top type_default stacking_default\"><div class=\"wpb_column vc_column_container\"><div class=\"vc_column-inner\"><div class=\"w-grid type_grid layout_blog_cards cols_3 overflow_hidden\" id=\"us_grid_1\" style=\"--gap:14px;\" data-filterable=\"true\"><style>@media (max-width:1024px){#us_grid_1 .w-grid-item{width:50%}}@media (max-width:600px){#us_grid_1 .w-grid-list{margin:0}#us_grid_1 .w-grid-item{width:100%;padding:0;margin-bottom:var(--gap,0px)}}.layout_blog_cards .w-grid-item-h{background:var(--color-content-bg);color:var(--color-content-text);border-radius:0.3rem;box-shadow:0 0.03rem 0.06rem rgba(0,0,0,0.1),0 0.1rem 0.3rem rgba(0,0,0,0.1);transition-duration:0.3s}.no-touch .layout_blog_cards .w-grid-item-h:hover{box-shadow:0 0.1rem 0.2rem rgba(0,0,0,0.1),0 0.33rem 1rem rgba(0,0,0,0.15);z-index:4}.layout_blog_cards .usg_post_image_1{margin-bottom:-2rem!important}.layout_blog_cards .usg_post_title_1{font-size:1.4rem!important;font-weight:700!important}.layout_blog_cards .usg_vwrapper_1{margin-top:2rem!important;padding:9% 11% 11% 11%!important}.layout_blog_cards .usg_post_taxonomy_1{font-weight:700!important;text-transform:uppercase!important;font-size:10px!important;position:absolute!important;z-index:2!important;top:1.2rem!important;right:1.2rem!important;left:1.2rem!important}.layout_blog_cards .usg_hwrapper_1{color:var(--color-content-faded)!important;font-size:0.9rem!important}@media (max-width:600px){.layout_blog_cards .usg_post_title_1{font-size:1.2rem!important}}<\/style><div class=\"w-grid-list\">\t<article class=\"w-grid-item size_1x1 post-301 post type-post status-publish format-standard has-post-thumbnail hentry category-news\" data-id=\"301\">\r\n\t\t<div class=\"w-grid-item-h\">\r\n\t\t\t\t\t\t\t<a href=\"https:\/\/bacinoimperiese.it\/index.php\/2024\/04\/23\/arrivati-i-nuovi-calendari-della-raccolta-differenziata-scaricali-subito\/\" class=\"w-grid-item-anchor\" aria-label=\"Nuovi Calendari della Raccolta Differenziata: Scaricali Subito!\"><\/a>\r\n\t\t\t\t\t\t<div class=\"w-post-elm post_image usg_post_image_1 stretched\"><a href=\"https:\/\/bacinoimperiese.it\/index.php\/2024\/04\/23\/arrivati-i-nuovi-calendari-della-raccolta-differenziata-scaricali-subito\/\" aria-label=\"Nuovi Calendari della Raccolta Differenziata: Scaricali Subito!\"><img loading=\"lazy\" decoding=\"async\" width=\"1024\" height=\"662\" src=\"https:\/\/bacinoimperiese.it\/wp-content\/uploads\/2024\/04\/Image-news-Iecoclendari-06-1024x662.png\" class=\"attachment-large size-large wp-post-image\" alt=\"\" srcset=\"https:\/\/bacinoimperiese.it\/wp-content\/uploads\/2024\/04\/Image-news-Iecoclendari-06-1024x662.png 1024w, https:\/\/bacinoimperiese.it\/wp-content\/uploads\/2024\/04\/Image-news-Iecoclendari-06-300x194.png 300w\" sizes=\"auto, (max-width: 1024px) 100vw, 1024px\" \/><\/a><\/div><div class=\"w-post-elm post_taxonomy usg_post_taxonomy_1 style_badge color_link_inherit\"><a class=\"w-btn us-btn-style_badge term-3 term-news\" href=\"https:\/\/bacinoimperiese.it\/index.php\/category\/news\/\"><span class=\"w-btn-label\">News<\/span><\/a><\/div><div class=\"w-vwrapper usg_vwrapper_1 align_none valign_top\"><h2 class=\"w-post-elm post_title usg_post_title_1 entry-title color_link_inherit\"><a href=\"https:\/\/bacinoimperiese.it\/index.php\/2024\/04\/23\/arrivati-i-nuovi-calendari-della-raccolta-differenziata-scaricali-subito\/\">Nuovi Calendari della Raccolta Differenziata: Scaricali Subito!<\/a><\/h2><div class=\"w-hwrapper usg_hwrapper_1 has_text_color align_none valign_top wrap\"><time class=\"w-post-elm post_date usg_post_date_1 entry-date published\" datetime=\"2024-04-23T12:48:03+02:00\" title=\"23 April 2024 at 12:48:03 Europe\/Rome\">2 years ago<\/time><\/div><div class=\"w-post-elm post_content usg_post_content_1\">\u00c8 tempo di prepararsi per una gestione pi\u00f9 efficiente dei rifiuti, perch\u00e9 sono finalmente arrivati i nuovi calendari per la&hellip;<\/div><\/div>\t\t<\/div>\r\n\t\t\t<\/article>\r\n\t<article class=\"w-grid-item size_1x1 post-283 post type-post status-publish format-standard has-post-thumbnail hentry category-news\" data-id=\"283\">\r\n\t\t<div class=\"w-grid-item-h\">\r\n\t\t\t\t\t\t\t<a href=\"https:\/\/bacinoimperiese.it\/index.php\/2024\/04\/23\/centri-di-raccolta-comunali-attivi-un-servizio-essenziale-per-la-gestione-dei-rifiuti\/\" class=\"w-grid-item-anchor\" aria-label=\"Centri di Raccolta Comunali Attivi\"><\/a>\r\n\t\t\t\t\t\t<div class=\"w-post-elm post_image usg_post_image_1 stretched\"><a href=\"https:\/\/bacinoimperiese.it\/index.php\/2024\/04\/23\/centri-di-raccolta-comunali-attivi-un-servizio-essenziale-per-la-gestione-dei-rifiuti\/\" aria-label=\"Centri di Raccolta Comunali Attivi\"><img loading=\"lazy\" decoding=\"async\" width=\"1024\" height=\"662\" src=\"https:\/\/bacinoimperiese.it\/wp-content\/uploads\/2024\/04\/1-eco-1024x662.jpg\" class=\"attachment-large size-large wp-post-image\" alt=\"\" srcset=\"https:\/\/bacinoimperiese.it\/wp-content\/uploads\/2024\/04\/1-eco-1024x662.jpg 1024w, https:\/\/bacinoimperiese.it\/wp-content\/uploads\/2024\/04\/1-eco-300x194.jpg 300w, https:\/\/bacinoimperiese.it\/wp-content\/uploads\/2024\/04\/1-eco.jpg 1100w\" sizes=\"auto, (max-width: 1024px) 100vw, 1024px\" \/><\/a><\/div><div class=\"w-post-elm post_taxonomy usg_post_taxonomy_1 style_badge color_link_inherit\"><a class=\"w-btn us-btn-style_badge term-3 term-news\" href=\"https:\/\/bacinoimperiese.it\/index.php\/category\/news\/\"><span class=\"w-btn-label\">News<\/span><\/a><\/div><div class=\"w-vwrapper usg_vwrapper_1 align_none valign_top\"><h2 class=\"w-post-elm post_title usg_post_title_1 entry-title color_link_inherit\"><a href=\"https:\/\/bacinoimperiese.it\/index.php\/2024\/04\/23\/centri-di-raccolta-comunali-attivi-un-servizio-essenziale-per-la-gestione-dei-rifiuti\/\">Centri di Raccolta Comunali Attivi<\/a><\/h2><div class=\"w-hwrapper usg_hwrapper_1 has_text_color align_none valign_top wrap\"><time class=\"w-post-elm post_date usg_post_date_1 entry-date published\" datetime=\"2024-04-23T12:41:06+02:00\" title=\"23 April 2024 at 12:41:06 Europe\/Rome\">2 years ago<\/time><\/div><div class=\"w-post-elm post_content usg_post_content_1\">Con l&#8217;obiettivo di promuovere la corretta gestione dei rifiuti e la tutela dell&#8217;ambiente, i Centri di Raccolta Comunali (CDR) sono&hellip;<\/div><\/div>\t\t<\/div>\r\n\t\t\t<\/article>\r\n\t<article class=\"w-grid-item size_1x1 post-242 post type-post status-publish format-standard has-post-thumbnail hentry category-news\" data-id=\"242\">\r\n\t\t<div class=\"w-grid-item-h\">\r\n\t\t\t\t\t\t\t<a href=\"https:\/\/bacinoimperiese.it\/index.php\/2024\/04\/02\/news-1\/\" class=\"w-grid-item-anchor\" aria-label=\"Il Bacino Imperiese\"><\/a>\r\n\t\t\t\t\t\t<div class=\"w-post-elm post_image usg_post_image_1 stretched\"><a href=\"https:\/\/bacinoimperiese.it\/index.php\/2024\/04\/02\/news-1\/\" aria-label=\"Il Bacino Imperiese\"><img loading=\"lazy\" decoding=\"async\" width=\"1024\" height=\"662\" src=\"https:\/\/bacinoimperiese.it\/wp-content\/uploads\/2024\/04\/Image-news-bacino-04-1024x662.png\" class=\"attachment-large size-large wp-post-image\" alt=\"\" srcset=\"https:\/\/bacinoimperiese.it\/wp-content\/uploads\/2024\/04\/Image-news-bacino-04-1024x662.png 1024w, https:\/\/bacinoimperiese.it\/wp-content\/uploads\/2024\/04\/Image-news-bacino-04-300x194.png 300w\" sizes=\"auto, (max-width: 1024px) 100vw, 1024px\" \/><\/a><\/div><div class=\"w-post-elm post_taxonomy usg_post_taxonomy_1 style_badge color_link_inherit\"><a class=\"w-btn us-btn-style_badge term-3 term-news\" href=\"https:\/\/bacinoimperiese.it\/index.php\/category\/news\/\"><span class=\"w-btn-label\">News<\/span><\/a><\/div><div class=\"w-vwrapper usg_vwrapper_1 align_none valign_top\"><h2 class=\"w-post-elm post_title usg_post_title_1 entry-title color_link_inherit\"><a href=\"https:\/\/bacinoimperiese.it\/index.php\/2024\/04\/02\/news-1\/\">Il Bacino Imperiese<\/a><\/h2><div class=\"w-hwrapper usg_hwrapper_1 has_text_color align_none valign_top wrap\"><time class=\"w-post-elm post_date usg_post_date_1 entry-date published\" datetime=\"2024-04-02T18:56:52+02:00\" title=\"2 April 2024 at 18:56:52 Europe\/Rome\">2 years ago<\/time><\/div><div class=\"w-post-elm post_content usg_post_content_1\">Il Bacino Imperiese \u00e8 un esempio di successo nella promozione della raccolta differenziata. Grazie a una strategia di gestione dei&hellip;<\/div><\/div>\t\t<\/div>\r\n\t\t\t<\/article>\r\n<\/div><div class=\"w-grid-preloader\">\t<div class=\"g-preloader type_1\">\r\n\t\t<div><\/div>\r\n\t<\/div>\r\n\t<\/div>\t<div class=\"w-grid-json hidden\" onclick='return {&quot;action&quot;:&quot;us_ajax_grid&quot;,&quot;infinite_scroll&quot;:0,&quot;max_num_pages&quot;:1,&quot;pagination&quot;:&quot;none&quot;,&quot;template_vars&quot;:{&quot;columns&quot;:&quot;3&quot;,&quot;exclude_items&quot;:&quot;none&quot;,&quot;img_size&quot;:&quot;default&quot;,&quot;ignore_items_size&quot;:0,&quot;items_layout&quot;:&quot;blog_cards&quot;,&quot;items_offset&quot;:&quot;1&quot;,&quot;load_animation&quot;:&quot;none&quot;,&quot;overriding_link&quot;:&quot;%7B%22type%22%3A%22post%22%7D&quot;,&quot;post_id&quot;:0,&quot;query_args&quot;:{&quot;post_type&quot;:[&quot;post&quot;],&quot;tax_query&quot;:[{&quot;taxonomy&quot;:&quot;category&quot;,&quot;field&quot;:&quot;slug&quot;,&quot;terms&quot;:[&quot;news&quot;]}],&quot;post_status&quot;:[&quot;publish&quot;],&quot;posts_per_page&quot;:&quot;50&quot;},&quot;orderby_query_args&quot;:{&quot;orderby&quot;:{&quot;date&quot;:&quot;DESC&quot;}},&quot;type&quot;:&quot;grid&quot;,&quot;us_grid_post_type&quot;:&quot;post&quot;,&quot;us_grid_ajax_index&quot;:1,&quot;us_grid_filter_params&quot;:[],&quot;us_grid_index&quot;:1,&quot;page_args&quot;:[]}}'><\/div>\r\n\t<\/div><\/div><\/div><\/div><\/div><\/section>\n","protected":false},"excerpt":{"rendered":"Il Bacino ImperieseIl Bacino Imperiese \u00e8 un esempio di successo nella promozione della raccolta differenziata. Grazie a una strategia di gestione dei rifiuti coordinata tra i comuni di Aquila d\u2019Arroscia; Armo; Aurigo; Borghetto d\u2019Arroscia; Borgomaro; Caravonica; Chiusavecchia; Cosio d\u2019Arroscia; Dolcedo; Imperia; Lucinasco; Mendatica; Montegrosso Pian Latte; Pieve di Teco; Pontedassio; Pornassio; Prel\u00e0; Ranzo; Rezzo; Vasia;...","protected":false},"author":1,"featured_media":0,"parent":0,"menu_order":0,"comment_status":"closed","ping_status":"closed","template":"","meta":{"footnotes":""},"class_list":["post-147","page","type-page","status-publish","hentry"],"_links":{"self":[{"href":"https:\/\/bacinoimperiese.it\/index.php\/wp-json\/wp\/v2\/pages\/147","targetHints":{"allow":["GET"]}}],"collection":[{"href":"https:\/\/bacinoimperiese.it\/index.php\/wp-json\/wp\/v2\/pages"}],"about":[{"href":"https:\/\/bacinoimperiese.it\/index.php\/wp-json\/wp\/v2\/types\/page"}],"author":[{"embeddable":true,"href":"https:\/\/bacinoimperiese.it\/index.php\/wp-json\/wp\/v2\/users\/1"}],"replies":[{"embeddable":true,"href":"https:\/\/bacinoimperiese.it\/index.php\/wp-json\/wp\/v2\/comments?post=147"}],"version-history":[{"count":5,"href":"https:\/\/bacinoimperiese.it\/index.php\/wp-json\/wp\/v2\/pages\/147\/revisions"}],"predecessor-version":[{"id":333,"href":"https:\/\/bacinoimperiese.it\/index.php\/wp-json\/wp\/v2\/pages\/147\/revisions\/333"}],"wp:attachment":[{"href":"https:\/\/bacinoimperiese.it\/index.php\/wp-json\/wp\/v2\/media?parent=147"}],"curies":[{"name":"wp","href":"https:\/\/api.w.org\/{rel}","templated":true}]}}