{"id":317,"date":"2024-04-23T16:26:16","date_gmt":"2024-04-23T14:26:16","guid":{"rendered":"https:\/\/bacinoimperiese.it\/?page_id=317"},"modified":"2024-04-24T17:56:51","modified_gmt":"2024-04-24T15:56:51","slug":"ecocentro-comunale","status":"publish","type":"page","link":"https:\/\/bacinoimperiese.it\/index.php\/i-nostri-servizi\/ecocentro-comunale\/","title":{"rendered":"Ecocentro Comunale"},"content":{"rendered":"<section class=\"l-section wpb_row height_medium\"><div class=\"l-section-overlay\" style=\"background:#EDEEF7\"><\/div><div class=\"l-section-h i-cf\"><div class=\"g-cols vc_row via_grid cols_1 laptops-cols_inherit tablets-cols_inherit mobiles-cols_1 valign_top type_default stacking_default\"><div class=\"wpb_column vc_column_container\"><div class=\"vc_column-inner\"><div class=\"w-image align_center\"><div class=\"w-image-h\"><img decoding=\"async\" width=\"300\" height=\"87\" src=\"https:\/\/bacinoimperiese.it\/wp-content\/uploads\/2024\/04\/logo-eco-300x87.png\" class=\"attachment-medium size-medium\" alt=\"\" loading=\"lazy\" srcset=\"https:\/\/bacinoimperiese.it\/wp-content\/uploads\/2024\/04\/logo-eco-300x87.png 300w, https:\/\/bacinoimperiese.it\/wp-content\/uploads\/2024\/04\/logo-eco.png 883w\" sizes=\"auto, (max-width: 300px) 100vw, 300px\" \/><\/div><\/div><\/div><\/div><\/div><\/div><\/section><section class=\"l-section wpb_row height_medium\"><div class=\"l-section-h i-cf\"><div class=\"g-cols vc_row via_grid cols_3-2 laptops-cols_inherit tablets-cols_inherit mobiles-cols_1 valign_top type_default stacking_default\"><div class=\"wpb_column vc_column_container\"><div class=\"vc_column-inner\"><div class=\"wpb_text_column\"><div class=\"wpb_wrapper\"><h6 style=\"text-align: justify;\"><strong>Cos\u2019\u00e8 il Centro di Raccolta Comunale?<\/strong><\/h6>\n<p style=\"text-align: justify;\">Il Centro di Raccolta Comunale \u00e8 un struttura destinata alla ricezione dei rifiuti urbani o loro frazioni, nonch\u00e9 dei rifiuti ad essi assimilati, prodotti dalle utenze domestiche e assimilate, provenienti esclusivamente dal territorio di competenza, e conferiti direttamente dai cittadini e\/o dal gestore del servizio pubblico di igiene urbana. Nella struttura vengono conferiti i rifiuti la cui raccolta domiciliare risulta non agevole per il servizio pubblico e che il cittadino sceglie di conferire direttamente con mezzo proprio. Vengono conferiti anche i rifiuti appartenenti alla categoria R.A.E.E. nonch\u00e9 altri rifiuti urbani pericolosi debitamente autorizzati.<\/p>\n<\/div><\/div><\/div><\/div><div class=\"wpb_column vc_column_container\"><div class=\"vc_column-inner\"><div class=\"w-image align_none\"><div class=\"w-image-h\"><img decoding=\"async\" width=\"1024\" height=\"775\" src=\"https:\/\/bacinoimperiese.it\/wp-content\/uploads\/2024\/04\/Centro-home-1024x775.png\" class=\"attachment-large size-large\" alt=\"\" loading=\"lazy\" srcset=\"https:\/\/bacinoimperiese.it\/wp-content\/uploads\/2024\/04\/Centro-home-1024x775.png 1024w, https:\/\/bacinoimperiese.it\/wp-content\/uploads\/2024\/04\/Centro-home-300x227.png 300w, https:\/\/bacinoimperiese.it\/wp-content\/uploads\/2024\/04\/Centro-home.png 1618w\" sizes=\"auto, (max-width: 1024px) 100vw, 1024px\" \/><\/div><\/div><\/div><\/div><\/div><\/div><\/section><section class=\"l-section wpb_row height_auto with_shape\"><div class=\"l-section-shape type_custom pos_bottom\" style=\"height:50px;color:#EDEEF7\"><svg xmlns=\"http:\/\/www.w3.org\/2000\/svg\" viewBox=\"0 0 64 8\" preserveAspectRatio=\"none\" width=\"100%\" height=\"100%\">\r\n\t<path fill=\"currentColor\" d=\"M64 8 L0 8 L0 0 L64 0 Z\"\/>\r\n<\/svg><\/div><div class=\"l-section-h i-cf\"><div class=\"g-cols vc_row via_grid cols_1 laptops-cols_inherit tablets-cols_inherit mobiles-cols_1 valign_top type_default stacking_default\"><div class=\"wpb_column vc_column_container\"><div class=\"vc_column-inner\"><div class=\"wpb_text_column us_custom_22aef1c0 has_text_color\"><div class=\"wpb_wrapper\"><h4>Centro di Raccolta Comunale di Imperia Artallo<\/h4>\n<\/div><\/div><\/div><\/div><\/div><\/div><\/section><section class=\"l-section wpb_row us_custom_4b5a41a3 height_medium\"><div class=\"l-section-h i-cf\"><div class=\"g-cols vc_row via_grid cols_1 laptops-cols_inherit tablets-cols_inherit mobiles-cols_1 valign_top type_default stacking_default\"><div class=\"wpb_column vc_column_container\"><div class=\"vc_column-inner\"><div class=\"wpb_text_column\"><div class=\"wpb_wrapper\"><h6 style=\"text-align: justify;\"><strong>Il CDR \u00e8 destinato ai soli residenti del Comune di: Imperia, Dolcedo, Prel\u00e0 e Vasia.<\/strong><\/h6>\n<p style=\"text-align: justify;\">L\u2019impianto sorge in via Acquarone angolo via Artallo &#8211; 18100 Imperia ed \u00e8 a disposizione di tutti gli utenti regolarmente censiti Tari che abbiano necessit\u00e0 di conferire rifiuti di provenienza domestica e non domestica (questi ultimi se autorizzati al trasporto di rifiuti).<\/p>\n<p style=\"text-align: justify;\">Il CDR \u00e8 aperto dal luned\u00ec alla domenica dalle ore 09:00 alle ore 12:00 e dalle ore 14:00 alle ore 19:00, durante le festivit\u00e0 religiose e civili dalle ore 09:00 alle ore 12:00. Sono oltre 40 le tipologie di rifiuto che, opportunamente differenziate, possono essere depositate, tra esse: toner, pneumatici esausti, filtri dell\u2019olio, tv piccole e grandi, rifiuti dell\u2019attivit\u00e0 di costruzione o demolizione, laterizi, solventi, acidi, prodotti chimici, rifiuti ingombranti. Gli utenti devono recarsi al Centro di Raccolta Comunale, muniti di un documento di identit\u00e0, della tessera sanitaria e dell\u2019autorizzazione. Il personale specializzato garantir\u00e0 l\u2019accoglienza e, verificata la conformit\u00e0 dei rifiuti da depositare, assister\u00e0 gli utenti nelle operazioni di conferimento, indirizzandoli verso i contenitori idonei e fornendo loro tutte le informazioni utili allo svolgimento in sicurezza delle operazioni all\u2019interno dell\u2019impianto.<\/p>\n<\/div><\/div><\/div><\/div><\/div><\/div><\/section><section class=\"l-section wpb_row height_small\"><div class=\"l-section-h i-cf\"><div class=\"g-cols vc_row via_grid cols_1 laptops-cols_inherit tablets-cols_inherit mobiles-cols_1 valign_top type_default stacking_default\"><div class=\"wpb_column vc_column_container\"><div class=\"vc_column-inner\"><\/div><\/div><\/div><\/div><\/section><section class=\"l-section wpb_row height_auto with_shape\"><div class=\"l-section-shape type_custom pos_bottom\" style=\"height:50px;color:#EDEEF7\"><svg xmlns=\"http:\/\/www.w3.org\/2000\/svg\" viewBox=\"0 0 64 8\" preserveAspectRatio=\"none\" width=\"100%\" height=\"100%\">\r\n\t<path fill=\"currentColor\" d=\"M64 8 L0 8 L0 0 L64 0 Z\"\/>\r\n<\/svg><\/div><div class=\"l-section-h i-cf\"><div class=\"g-cols vc_row via_grid cols_1 laptops-cols_inherit tablets-cols_inherit mobiles-cols_1 valign_top type_default stacking_default\"><div class=\"wpb_column vc_column_container\"><div class=\"vc_column-inner\"><div class=\"wpb_text_column us_custom_22aef1c0 has_text_color\"><div class=\"wpb_wrapper\"><h4>Centro di Raccolta Comunale di Pontedassio<\/h4>\n<\/div><\/div><\/div><\/div><\/div><\/div><\/section><section class=\"l-section wpb_row us_custom_4b5a41a3 height_medium\"><div class=\"l-section-h i-cf\"><div class=\"g-cols vc_row via_grid cols_1 laptops-cols_inherit tablets-cols_inherit mobiles-cols_1 valign_top type_default stacking_default\"><div class=\"wpb_column vc_column_container\"><div class=\"vc_column-inner\"><div class=\"wpb_text_column\"><div class=\"wpb_wrapper\"><h6 style=\"text-align: justify;\">Il CDR \u00e8 destinato ai soli residenti del Comune di: Aurigo, Borgomaro, Caravonica, Chiusavecchia, Lucinasco e Pontedassio.<\/h6>\n<p style=\"text-align: justify;\">L\u2019impianto sorge in localit\u00e0 Rugge di Pontedassio &#8211; 18027 Pontedassio (IM) ed \u00e8 a disposizione di tutti gli utenti regolarmente censiti Tari che abbiano necessit\u00e0 di conferire rifiuti di provenienza domestica e non domestica (questi ultimi se autorizzati al trasporto di rifiuti).<\/p>\n<p style=\"text-align: justify;\">Il CDR \u00e8 aperto il luned\u00ec &#8211; mercoled\u00ec &#8211; venerd\u00ec &#8211; sabato dalle ore 09:00 alle ore 13:00 e dalle ore 14:00 alle ore 17:00. Sono oltre 40 le tipologie di rifiuto che, opportunamente differenziate, possono essere depositate, tra esse: toner, pneumatici esausti, filtri dell\u2019olio, tv piccole e grandi, rifiuti dell\u2019attivit\u00e0 di costruzione o demolizione, laterizi, solventi, acidi, prodotti chimici, rifiuti ingombranti. Gli utenti devono recarsi al Centro di Raccolta Comunale, muniti di un documento di identit\u00e0, della tessera sanitaria e dell\u2019autorizzazione. Il personale specializzato garantir\u00e0 l\u2019accoglienza e, verificata la conformit\u00e0 dei rifiuti da depositare, assister\u00e0 gli utenti nelle operazioni di conferimento, indirizzandoli verso i contenitori idonei e fornendo loro tutte le informazioni utili allo svolgimento in sicurezza delle operazioni all\u2019interno dell\u2019impianto.<\/p>\n<\/div><\/div><\/div><\/div><\/div><\/div><\/section><section class=\"l-section wpb_row height_small\"><div class=\"l-section-h i-cf\"><div class=\"g-cols vc_row via_grid cols_1 laptops-cols_inherit tablets-cols_inherit mobiles-cols_1 valign_top type_default stacking_default\"><div class=\"wpb_column vc_column_container\"><div class=\"vc_column-inner\"><\/div><\/div><\/div><\/div><\/section><section class=\"l-section wpb_row height_auto with_shape\"><div class=\"l-section-shape type_custom pos_bottom\" style=\"height:50px;color:#EDEEF7\"><svg xmlns=\"http:\/\/www.w3.org\/2000\/svg\" viewBox=\"0 0 64 8\" preserveAspectRatio=\"none\" width=\"100%\" height=\"100%\">\r\n\t<path fill=\"currentColor\" d=\"M64 8 L0 8 L0 0 L64 0 Z\"\/>\r\n<\/svg><\/div><div class=\"l-section-h i-cf\"><div class=\"g-cols vc_row via_grid cols_1 laptops-cols_inherit tablets-cols_inherit mobiles-cols_1 valign_top type_default stacking_default\"><div class=\"wpb_column vc_column_container\"><div class=\"vc_column-inner\"><div class=\"wpb_text_column us_custom_22aef1c0 has_text_color\"><div class=\"wpb_wrapper\"><h4>Centro di Raccolta Comunale di Pieve di Teco<\/h4>\n<\/div><\/div><\/div><\/div><\/div><\/div><\/section><section class=\"l-section wpb_row us_custom_4b5a41a3 height_medium\"><div class=\"l-section-h i-cf\"><div class=\"g-cols vc_row via_grid cols_1 laptops-cols_inherit tablets-cols_inherit mobiles-cols_1 valign_top type_default stacking_default\"><div class=\"wpb_column vc_column_container\"><div class=\"vc_column-inner\"><div class=\"wpb_text_column\"><div class=\"wpb_wrapper\"><h6 style=\"text-align: justify;\">Il CDR \u00e8 destinato ai soli residenti del Comune di: Aquila d\u2019Arroscia, Armo, Borghetto d\u2019Arroscia, Cosio d\u2019Arroscia, Mendatica, Montegrosso Pian Latte, Pieve di Teco, Pornassio, Ranzo, Rezzo e Vessalico.<\/h6>\n<p style=\"text-align: justify;\">L\u2019impianto sorge in localit\u00e0 Piani di San Giovanni &#8211; 18026 Pieve di Teco (IM) ed \u00e8 a disposizione di tutti gli utenti regolarmente censiti Tari che abbiano necessit\u00e0 di conferire rifiuti di provenienza domestica e non domestica (questi ultimi se autorizzati al trasporto di rifiuti).<\/p>\n<p style=\"text-align: justify;\">Il CDR \u00e8 aperto il luned\u00ec dalle ore 09:00 alle ore 14:00; gioved\u00ec dalle ore 14:00 alle ore 19:00; sabato dalle ore 09:00 alle ore 17:00. Sono oltre 40 le tipologie di rifiuto che, opportunamente differenziate, possono essere depositate, tra esse: toner, pneumatici esausti, filtri dell\u2019olio, tv piccole e grandi, rifiuti dell\u2019attivit\u00e0 di costruzione o demolizione, laterizi, solventi, acidi, prodotti chimici, rifiuti ingombranti. Gli utenti devono recarsi al Centro di Raccolta Comunale, muniti di un documento di identit\u00e0, della tessera sanitaria e dell\u2019autorizzazione. Il personale specializzato garantir\u00e0 l\u2019accoglienza e, verificata la conformit\u00e0 dei rifiuti da depositare, assister\u00e0 gli utenti nelle operazioni di conferimento, indirizzandoli verso i contenitori idonei e fornendo loro tutte le informazioni utili allo svolgimento in sicurezza delle operazioni all\u2019interno dell\u2019impianto.<\/p>\n<\/div><\/div><\/div><\/div><\/div><\/div><\/section><section class=\"l-section wpb_row height_large\"><div class=\"l-section-h i-cf\"><div class=\"g-cols vc_row via_grid cols_1 laptops-cols_inherit tablets-cols_inherit mobiles-cols_1 valign_middle type_default stacking_default\"><div class=\"wpb_column vc_column_container us_custom_fcb9a368 has_text_color has_bg_color\"><div class=\"vc_column-inner\"><div class=\"wpb_text_column\"><div class=\"wpb_wrapper\"><h3><strong>Hai bisogno di aiuto?<\/strong><\/h3>\n<div class=\"wpb_text_column us_custom_db249220 has_text_color\">\n<div class=\"wpb_wrapper\">\n<p>Ti garantiamo il massimo supporto.<br \/>\nScegli la modalit\u00e0 di contatto che preferisci.<\/p>\n<\/div>\n<\/div>\n<\/div><\/div><div class=\"w-separator size_small\"><\/div><div class=\"w-btn-wrapper align_left\"><a class=\"w-btn us-btn-style_3 icon_atright\" href=\"https:\/\/bacinoimperiese.it\/index.php\/contatti\/\"><span class=\"w-btn-label\">Contattaci<\/span><i class=\"fas fa-arrow-right\"><\/i><\/a><\/div><\/div><\/div><\/div><\/div><\/section>\n","protected":false},"excerpt":{"rendered":"Cos\u2019\u00e8 il Centro di Raccolta Comunale? Il Centro di Raccolta Comunale \u00e8 un struttura destinata alla ricezione dei rifiuti urbani o loro frazioni, nonch\u00e9 dei rifiuti ad essi assimilati, prodotti dalle utenze domestiche e assimilate, provenienti esclusivamente dal territorio di competenza, e conferiti direttamente dai cittadini e\/o dal gestore del servizio pubblico di igiene urbana....","protected":false},"author":1,"featured_media":0,"parent":122,"menu_order":0,"comment_status":"closed","ping_status":"closed","template":"","meta":{"footnotes":""},"class_list":["post-317","page","type-page","status-publish","hentry"],"_links":{"self":[{"href":"https:\/\/bacinoimperiese.it\/index.php\/wp-json\/wp\/v2\/pages\/317","targetHints":{"allow":["GET"]}}],"collection":[{"href":"https:\/\/bacinoimperiese.it\/index.php\/wp-json\/wp\/v2\/pages"}],"about":[{"href":"https:\/\/bacinoimperiese.it\/index.php\/wp-json\/wp\/v2\/types\/page"}],"author":[{"embeddable":true,"href":"https:\/\/bacinoimperiese.it\/index.php\/wp-json\/wp\/v2\/users\/1"}],"replies":[{"embeddable":true,"href":"https:\/\/bacinoimperiese.it\/index.php\/wp-json\/wp\/v2\/comments?post=317"}],"version-history":[{"count":6,"href":"https:\/\/bacinoimperiese.it\/index.php\/wp-json\/wp\/v2\/pages\/317\/revisions"}],"predecessor-version":[{"id":334,"href":"https:\/\/bacinoimperiese.it\/index.php\/wp-json\/wp\/v2\/pages\/317\/revisions\/334"}],"up":[{"embeddable":true,"href":"https:\/\/bacinoimperiese.it\/index.php\/wp-json\/wp\/v2\/pages\/122"}],"wp:attachment":[{"href":"https:\/\/bacinoimperiese.it\/index.php\/wp-json\/wp\/v2\/media?parent=317"}],"curies":[{"name":"wp","href":"https:\/\/api.w.org\/{rel}","templated":true}]}}