{"id":416,"date":"2024-04-24T11:59:29","date_gmt":"2024-04-24T09:59:29","guid":{"rendered":"https:\/\/bacinoimperiese.it\/?page_id=416"},"modified":"2024-04-24T18:26:10","modified_gmt":"2024-04-24T16:26:10","slug":"privacy-policy-e-cookie-policy","status":"publish","type":"page","link":"https:\/\/bacinoimperiese.it\/index.php\/privacy-policy-e-cookie-policy\/","title":{"rendered":"Privacy Policy e Cookie Policy"},"content":{"rendered":"<section class=\"l-section wpb_row height_huge color_primary with_img\"><div class=\"l-section-img\" role=\"img\" data-img-width=\"2538\" data-img-height=\"768\" style=\"background-image: url(https:\/\/bacinoimperiese.it\/wp-content\/uploads\/2024\/04\/GDPR-BANNER.png);background-position: bottom right;background-repeat: no-repeat;\"><\/div><div class=\"l-section-overlay\" style=\"background:linear-gradient(360deg,rgba(0,0,0,0.00),rgba(0,0,0,0.45))\"><\/div><div class=\"l-section-h i-cf\"><div class=\"g-cols vc_row via_grid cols_1 laptops-cols_inherit tablets-cols_inherit mobiles-cols_1 valign_top type_default stacking_default\"><div class=\"wpb_column vc_column_container\"><div class=\"vc_column-inner\"><div class=\"w-image us_custom_c8c2e84d align_none\"><div class=\"w-image-h\"><img decoding=\"async\" width=\"670\" height=\"71\" src=\"https:\/\/bacinoimperiese.it\/wp-content\/uploads\/2024\/04\/Arera-GDPR-13.png\" class=\"attachment-large size-large\" alt=\"\" loading=\"lazy\" srcset=\"https:\/\/bacinoimperiese.it\/wp-content\/uploads\/2024\/04\/Arera-GDPR-13.png 670w, https:\/\/bacinoimperiese.it\/wp-content\/uploads\/2024\/04\/Arera-GDPR-13-300x32.png 300w\" sizes=\"auto, (max-width: 670px) 100vw, 670px\" \/><\/div><\/div><\/div><\/div><\/div><\/div><\/section><section class=\"l-section wpb_row height_medium\"><div class=\"l-section-h i-cf\"><div class=\"g-cols vc_row via_grid cols_1 laptops-cols_inherit tablets-cols_inherit mobiles-cols_1 valign_bottom type_default stacking_default\"><div class=\"wpb_column vc_column_container\"><div class=\"vc_column-inner\"><div class=\"w-image us_custom_afbb72a9 align_none\"><div class=\"w-image-h\"><img decoding=\"async\" width=\"343\" height=\"328\" src=\"https:\/\/bacinoimperiese.it\/wp-content\/uploads\/2024\/04\/icon-bacino.png\" class=\"attachment-full size-full\" alt=\"\" loading=\"lazy\" srcset=\"https:\/\/bacinoimperiese.it\/wp-content\/uploads\/2024\/04\/icon-bacino.png 343w, https:\/\/bacinoimperiese.it\/wp-content\/uploads\/2024\/04\/icon-bacino-300x287.png 300w\" sizes=\"auto, (max-width: 343px) 100vw, 343px\" \/><\/div><\/div><div class=\"w-separator us_custom_dcd4f45f size_small\"><\/div><div class=\"wpb_text_column\"><div class=\"wpb_wrapper\"><h3><b>Privacy Policy<\/b><\/h3>\n<p style=\"text-align: justify;\">Il RTI ha a cuore il rispetto per la privacy e ritiene che la protezione dei dati personali dei propri Utenti non sia un solo obbligo ma un modello di gestione da adottare e migliorare, garantendo agli Utenti l\u2019utilizzo di procedure informatiche sicure e documentate, effettuando un monitoraggio costante del livello di rischio della sicurezza informatica.<\/p>\n<p style=\"text-align: justify;\">Se stai navigando sul nostro sito devi sapere che per poter soddisfare ogni Tua esigenza di navigazione abbiamo bisogno di raccogliere e trattare alcuni Tuoi Dati personali. Vogliamo che Tu ne sia consapevole, che ce li affidi con fiducia, mantenendone il controllo. Per questo motivo Ti invitiamo a leggere attentamente questa Privacy Policy e l\u2019Informativa in cui Ti raccontiamo Chi tratta i Tuoi Dati, Come vengono trattati, per quanto Tempo, Perch\u00e9 e A Chi possono essere comunicati. Le informazioni che Ti stiamo fornendo riguardano solo questo sito e non \u00e8 resa per gli altri eventuali siti consultati dall\u2019utente tramite link. Il sito \u00e8 di propriet\u00e0 e gestione del Bacino Imperiese che potr\u00e0 avere necessit\u00e0 di aggiornare questa Policy per consentirTi di conoscere con trasparenza se le modifiche incidano sul trattamento dei Tuoi Dati che in ogni caso sar\u00e0 sempre conforme al Regolamento europeo sulla privacy (GDPR).<\/p>\n<p style=\"text-align: justify;\">In questa sezione sono esposte le modalit\u00e0 di gestione del sito relativamente al trattamento dei dati personali degli utenti che lo consultano. Si tratta di un&#8217;informativa che \u00e8 resa anche ai sensi dell\u2019art. 13 e 14 del Regolamento (UE) 2016\/679 a coloro che interagiscono con i servizi interattivi erogati dalla De Vizia transfer S.p.A., e da Urbaser S.A., accessibili per via telematica a partire dall\u2019indirizzo: www.bacinoimperiese.it<\/p>\n<\/div><\/div><\/div><\/div><\/div><\/div><\/section><section class=\"l-section wpb_row height_large with_img\"><div class=\"l-section-img\" role=\"img\" data-img-width=\"2538\" data-img-height=\"768\" style=\"background-image: url(https:\/\/bacinoimperiese.it\/wp-content\/uploads\/2024\/04\/GDPR-BANNER.png);background-position: bottom left;\"><\/div><div class=\"l-section-h i-cf\"><div class=\"g-cols vc_row via_grid cols_1 laptops-cols_inherit tablets-cols_inherit mobiles-cols_1 valign_top type_default stacking_default\"><div class=\"wpb_column vc_column_container\"><div class=\"vc_column-inner\"><div class=\"wpb_text_column us_custom_8b3d6790 has_text_color\"><div class=\"wpb_wrapper\"><h3 style=\"text-align: left;\">Le Informative<\/h3>\n<\/div><\/div><\/div><\/div><\/div><\/div><\/section><section class=\"l-section wpb_row height_small\"><div class=\"l-section-h i-cf\"><div class=\"g-cols vc_row via_grid cols_1 laptops-cols_inherit tablets-cols_inherit mobiles-cols_1 valign_top type_default stacking_default\"><div class=\"wpb_column vc_column_container\"><div class=\"vc_column-inner\"><\/div><\/div><\/div><\/div><\/section><section class=\"l-section wpb_row height_auto\"><div class=\"l-section-h i-cf\"><div class=\"g-cols vc_row via_grid cols_2 laptops-cols_inherit tablets-cols_inherit mobiles-cols_1 valign_top type_default stacking_default\"><div class=\"wpb_column vc_column_container\"><div class=\"vc_column-inner\"><div class=\"g-cols wpb_row via_grid cols_1 laptops-cols_inherit tablets-cols_inherit mobiles-cols_1 valign_top type_default stacking_default\" style=\"--gap:2rem;\"><div class=\"wpb_column vc_column_container us_custom_3faaaec5 has_bg_color\"><div class=\"vc_column-overlay\" style=\"background:#EDEEF7\"><\/div><div class=\"vc_column-inner\"><div class=\"w-iconbox iconpos_left style_circle color_primary align_left no_text no_title\"><div class=\"w-iconbox-icon\" style=\"font-size:25px;\"><i class=\"fas fa-file-pdf\"><\/i><\/div><div class=\"w-iconbox-meta\"><\/div><\/div><div class=\"w-separator size_custom\" style=\"height:20px\"><\/div><div class=\"wpb_text_column us_custom_0ebc4f71\"><div class=\"wpb_wrapper\"><p style=\"text-align: left;\"><strong>Informativa sul Trattamento<\/strong><br \/>\n<strong>Dati Personali degli Utenti<\/strong><\/p>\n<\/div><\/div><div class=\"w-separator size_small\"><\/div><div class=\"w-btn-wrapper align_none\"><button class=\"w-btn us-btn-style_1 icon_atright\" target=\"_blank\"><span class=\"w-btn-label\">Visualizza<\/span><i class=\"fas fa-download\"><\/i><\/button><\/div><\/div><\/div><\/div><\/div><\/div><div class=\"wpb_column vc_column_container\"><div class=\"vc_column-inner\"><div class=\"g-cols wpb_row via_grid cols_1 laptops-cols_inherit tablets-cols_inherit mobiles-cols_1 valign_top type_default stacking_default\" style=\"--gap:2rem;\"><div class=\"wpb_column vc_column_container us_custom_3faaaec5 has_bg_color\"><div class=\"vc_column-overlay\" style=\"background:#EDEEF7\"><\/div><div class=\"vc_column-inner\"><div class=\"w-iconbox iconpos_left style_circle color_primary align_left no_text no_title\"><div class=\"w-iconbox-icon\" style=\"font-size:25px;\"><i class=\"fas fa-file-pdf\"><\/i><\/div><div class=\"w-iconbox-meta\"><\/div><\/div><div class=\"w-separator size_custom\" style=\"height:20px\"><\/div><div class=\"wpb_text_column us_custom_0ebc4f71\"><div class=\"wpb_wrapper\"><p style=\"text-align: left;\"><strong>Cookie Policy &#8211; Informativa<br \/>\nStrumenti di Tracciamento<\/strong><\/p>\n<\/div><\/div><div class=\"w-separator size_small\"><\/div><div class=\"w-btn-wrapper align_none\"><button class=\"w-btn us-btn-style_1 icon_atright\" target=\"_blank\"><span class=\"w-btn-label\">Visualizza<\/span><i class=\"fas fa-download\"><\/i><\/button><\/div><\/div><\/div><\/div><\/div><\/div><\/div><\/div><\/section><section class=\"l-section wpb_row height_small\"><div class=\"l-section-h i-cf\"><div class=\"g-cols vc_row via_grid cols_1 laptops-cols_inherit tablets-cols_inherit mobiles-cols_1 valign_top type_default stacking_default\"><div class=\"wpb_column vc_column_container\"><div class=\"vc_column-inner\"><\/div><\/div><\/div><\/div><\/section>\n","protected":false},"excerpt":{"rendered":"Privacy Policy Il RTI ha a cuore il rispetto per la privacy e ritiene che la protezione dei dati personali dei propri Utenti non sia un solo obbligo ma un modello di gestione da adottare e migliorare, garantendo agli Utenti l\u2019utilizzo di procedure informatiche sicure e documentate, effettuando un monitoraggio costante del livello di rischio...","protected":false},"author":1,"featured_media":0,"parent":0,"menu_order":0,"comment_status":"closed","ping_status":"closed","template":"","meta":{"footnotes":""},"class_list":["post-416","page","type-page","status-publish","hentry"],"_links":{"self":[{"href":"https:\/\/bacinoimperiese.it\/index.php\/wp-json\/wp\/v2\/pages\/416","targetHints":{"allow":["GET"]}}],"collection":[{"href":"https:\/\/bacinoimperiese.it\/index.php\/wp-json\/wp\/v2\/pages"}],"about":[{"href":"https:\/\/bacinoimperiese.it\/index.php\/wp-json\/wp\/v2\/types\/page"}],"author":[{"embeddable":true,"href":"https:\/\/bacinoimperiese.it\/index.php\/wp-json\/wp\/v2\/users\/1"}],"replies":[{"embeddable":true,"href":"https:\/\/bacinoimperiese.it\/index.php\/wp-json\/wp\/v2\/comments?post=416"}],"version-history":[{"count":5,"href":"https:\/\/bacinoimperiese.it\/index.php\/wp-json\/wp\/v2\/pages\/416\/revisions"}],"predecessor-version":[{"id":513,"href":"https:\/\/bacinoimperiese.it\/index.php\/wp-json\/wp\/v2\/pages\/416\/revisions\/513"}],"wp:attachment":[{"href":"https:\/\/bacinoimperiese.it\/index.php\/wp-json\/wp\/v2\/media?parent=416"}],"curies":[{"name":"wp","href":"https:\/\/api.w.org\/{rel}","templated":true}]}}